{"id":2190,"date":"2023-05-09T20:22:44","date_gmt":"2023-05-09T21:22:44","guid":{"rendered":"https:\/\/quintadanasceagua.com\/group-booking\/"},"modified":"2023-05-22T10:25:08","modified_gmt":"2023-05-22T11:25:08","slug":"group-booking","status":"publish","type":"page","link":"https:\/\/quintadanasceagua.com\/en\/group-booking\/","title":{"rendered":"Group Booking"},"content":{"rendered":"\t\t<div data-elementor-type=\"wp-page\" data-elementor-id=\"2190\" class=\"elementor elementor-2190 elementor-1527\" data-elementor-post-type=\"page\">\n\t\t\t\t\t\t<section class=\"elementor-section elementor-top-section elementor-element elementor-element-27a0946 elementor-section-full_width elementor-section-height-min-height header-01 elementor-section-height-default elementor-section-items-middle\" data-id=\"27a0946\" data-element_type=\"section\" data-e-type=\"section\" data-settings=\"{&quot;background_background&quot;:&quot;classic&quot;}\">\n\t\t\t\t\t\t\t<div class=\"elementor-background-overlay\"><\/div>\n\t\t\t\t\t\t\t<div class=\"elementor-container elementor-column-gap-wide\">\n\t\t\t\t\t<div class=\"elementor-column elementor-col-100 elementor-top-column elementor-element elementor-element-6b29b23\" data-id=\"6b29b23\" data-element_type=\"column\" data-e-type=\"column\">\n\t\t\t<div class=\"elementor-widget-wrap elementor-element-populated\">\n\t\t\t\t\t\t<div class=\"elementor-element elementor-element-cf94170 margin-t80 elementor-widget elementor-widget-heading\" data-id=\"cf94170\" data-element_type=\"widget\" data-e-type=\"widget\" data-widget_type=\"heading.default\">\n\t\t\t\t<div class=\"elementor-widget-container\">\n\t\t\t\t\t<h1 class=\"elementor-heading-title elementor-size-default\">Group Booking<\/h1>\t\t\t\t<\/div>\n\t\t\t\t<\/div>\n\t\t\t\t<div class=\"elementor-element elementor-element-43fe4d5 elementor-widget elementor-widget-text-editor\" data-id=\"43fe4d5\" data-element_type=\"widget\" data-e-type=\"widget\" data-widget_type=\"text-editor.default\">\n\t\t\t\t<div class=\"elementor-widget-container\">\n\t\t\t\t\t\t\t\t\tA Quinta da Nasce \u00c1gua \u00e9 o local ideal para pequenos grupos. Para al\u00e9m dos nossos alojamentos as zonas sociais e o jardim proporcionam condi\u00e7\u00f5es ideais para desfrutar na companhia de familiares, amigos ou colegas. A nossa experi\u00eancia estar\u00e1 ao dispor dos nossos clientes para contribuirmos para o sucesso da organiza\u00e7\u00e3o da viagem.\r\n\r\n<strong>\r\nFor further information and booking <a style=\"color: #fff;\" href=\"mailto:info@quintadanasceagua.com\">info@quintadanasceagua.com<\/a>.<\/strong>\t\t\t\t\t\t\t\t<\/div>\n\t\t\t\t<\/div>\n\t\t\t\t\t<\/div>\n\t\t<\/div>\n\t\t\t\t\t<\/div>\n\t\t<\/section>\n\t\t\t\t<\/div>\n\t\t","protected":false},"excerpt":{"rendered":"<p>Group Booking A Quinta da Nasce \u00c1gua \u00e9 o local ideal para pequenos grupos. Para al\u00e9m dos nossos alojamentos as zonas sociais e o jardim proporcionam condi\u00e7\u00f5es ideais para desfrutar na companhia de familiares, amigos ou colegas. A nossa experi\u00eancia estar\u00e1 ao dispor dos nossos clientes para contribuirmos para o sucesso da organiza\u00e7\u00e3o da viagem. [&hellip;]<\/p>\n","protected":false},"author":1,"featured_media":2071,"parent":0,"menu_order":0,"comment_status":"closed","ping_status":"closed","template":"elementor_header_footer","meta":{"_acf_changed":false,"footnotes":""},"class_list":["post-2190","page","type-page","status-publish","has-post-thumbnail","hentry"],"acf":[],"yoast_head":"<!-- This site is optimized with the Yoast SEO plugin v26.9 - https:\/\/yoast.com\/product\/yoast-seo-wordpress\/ -->\n<title>Group Booking - Quinta da Nasce &Aacute;gua<\/title>\n<meta name=\"robots\" content=\"index, follow, max-snippet:-1, max-image-preview:large, max-video-preview:-1\" \/>\n<link rel=\"canonical\" href=\"https:\/\/quintadanasceagua.com\/reserva-de-grupos\/\" \/>\n<meta property=\"og:locale\" content=\"en_US\" \/>\n<meta property=\"og:type\" content=\"article\" \/>\n<meta property=\"og:title\" content=\"Group Booking - Quinta da Nasce &Aacute;gua\" \/>\n<meta property=\"og:description\" content=\"Group Booking A Quinta da Nasce \u00c1gua \u00e9 o local ideal para pequenos grupos. Para al\u00e9m dos nossos alojamentos as zonas sociais e o jardim proporcionam condi\u00e7\u00f5es ideais para desfrutar na companhia de familiares, amigos ou colegas. A nossa experi\u00eancia estar\u00e1 ao dispor dos nossos clientes para contribuirmos para o sucesso da organiza\u00e7\u00e3o da viagem. [&hellip;]\" \/>\n<meta property=\"og:url\" content=\"https:\/\/quintadanasceagua.com\/reserva-de-grupos\/\" \/>\n<meta property=\"og:site_name\" content=\"Quinta da Nasce &Aacute;gua\" \/>\n<meta property=\"article:publisher\" content=\"https:\/\/www.facebook.com\/quintadanasceagua\" \/>\n<meta property=\"article:modified_time\" content=\"2023-05-22T11:25:08+00:00\" \/>\n<meta property=\"og:image\" content=\"https:\/\/quintadanasceagua.com\/wp-content\/uploads\/2023\/05\/social-media.jpg\" \/>\n\t<meta property=\"og:image:width\" content=\"1920\" \/>\n\t<meta property=\"og:image:height\" content=\"1080\" \/>\n\t<meta property=\"og:image:type\" content=\"image\/jpeg\" \/>\n<meta name=\"twitter:card\" content=\"summary_large_image\" \/>\n<script type=\"application\/ld+json\" class=\"yoast-schema-graph\">{\"@context\":\"https:\/\/schema.org\",\"@graph\":[{\"@type\":\"WebPage\",\"@id\":\"https:\/\/quintadanasceagua.com\/reserva-de-grupos\/\",\"url\":\"https:\/\/quintadanasceagua.com\/reserva-de-grupos\/\",\"name\":\"Group Booking - Quinta da Nasce &Aacute;gua\",\"isPartOf\":{\"@id\":\"https:\/\/quintadanasceagua.com\/#website\"},\"primaryImageOfPage\":{\"@id\":\"https:\/\/quintadanasceagua.com\/reserva-de-grupos\/#primaryimage\"},\"image\":{\"@id\":\"https:\/\/quintadanasceagua.com\/reserva-de-grupos\/#primaryimage\"},\"thumbnailUrl\":\"https:\/\/quintadanasceagua.com\/wp-content\/uploads\/2023\/05\/social-media.jpg\",\"datePublished\":\"2023-05-09T21:22:44+00:00\",\"dateModified\":\"2023-05-22T11:25:08+00:00\",\"breadcrumb\":{\"@id\":\"https:\/\/quintadanasceagua.com\/reserva-de-grupos\/#breadcrumb\"},\"inLanguage\":\"en-US\",\"potentialAction\":[{\"@type\":\"ReadAction\",\"target\":[\"https:\/\/quintadanasceagua.com\/reserva-de-grupos\/\"]}]},{\"@type\":\"ImageObject\",\"inLanguage\":\"en-US\",\"@id\":\"https:\/\/quintadanasceagua.com\/reserva-de-grupos\/#primaryimage\",\"url\":\"https:\/\/quintadanasceagua.com\/wp-content\/uploads\/2023\/05\/social-media.jpg\",\"contentUrl\":\"https:\/\/quintadanasceagua.com\/wp-content\/uploads\/2023\/05\/social-media.jpg\",\"width\":1920,\"height\":1080},{\"@type\":\"BreadcrumbList\",\"@id\":\"https:\/\/quintadanasceagua.com\/reserva-de-grupos\/#breadcrumb\",\"itemListElement\":[{\"@type\":\"ListItem\",\"position\":1,\"name\":\"In\u00edcio\",\"item\":\"https:\/\/quintadanasceagua.com\/\"},{\"@type\":\"ListItem\",\"position\":2,\"name\":\"Group Booking\"}]},{\"@type\":\"WebSite\",\"@id\":\"https:\/\/quintadanasceagua.com\/#website\",\"url\":\"https:\/\/quintadanasceagua.com\/\",\"name\":\"Quinta da Nasce &Aacute;gua\",\"description\":\"Quinta Nasce Agua &eacute; o alojamento perfeito para a sua pr&oacute;xima estadia em Angra do Hero&iacute;smo.\",\"publisher\":{\"@id\":\"https:\/\/quintadanasceagua.com\/#organization\"},\"potentialAction\":[{\"@type\":\"SearchAction\",\"target\":{\"@type\":\"EntryPoint\",\"urlTemplate\":\"https:\/\/quintadanasceagua.com\/?s={search_term_string}\"},\"query-input\":{\"@type\":\"PropertyValueSpecification\",\"valueRequired\":true,\"valueName\":\"search_term_string\"}}],\"inLanguage\":\"en-US\"},{\"@type\":\"Organization\",\"@id\":\"https:\/\/quintadanasceagua.com\/#organization\",\"name\":\"Quinta da Nasce &Aacute;gua\",\"url\":\"https:\/\/quintadanasceagua.com\/\",\"logo\":{\"@type\":\"ImageObject\",\"inLanguage\":\"en-US\",\"@id\":\"https:\/\/quintadanasceagua.com\/#\/schema\/logo\/image\/\",\"url\":\"https:\/\/quintadanasceagua.com\/wp-content\/uploads\/2023\/05\/social-media.jpg\",\"contentUrl\":\"https:\/\/quintadanasceagua.com\/wp-content\/uploads\/2023\/05\/social-media.jpg\",\"width\":1920,\"height\":1080,\"caption\":\"Quinta da Nasce &Aacute;gua\"},\"image\":{\"@id\":\"https:\/\/quintadanasceagua.com\/#\/schema\/logo\/image\/\"},\"sameAs\":[\"https:\/\/www.facebook.com\/quintadanasceagua\",\"https:\/\/www.instagram.com\/quintadanasceagua\/\"]}]}<\/script>\n<!-- \/ Yoast SEO plugin. -->","yoast_head_json":{"title":"Group Booking - Quinta da Nasce &Aacute;gua","robots":{"index":"index","follow":"follow","max-snippet":"max-snippet:-1","max-image-preview":"max-image-preview:large","max-video-preview":"max-video-preview:-1"},"canonical":"https:\/\/quintadanasceagua.com\/reserva-de-grupos\/","og_locale":"en_US","og_type":"article","og_title":"Group Booking - Quinta da Nasce &Aacute;gua","og_description":"Group Booking A Quinta da Nasce \u00c1gua \u00e9 o local ideal para pequenos grupos. Para al\u00e9m dos nossos alojamentos as zonas sociais e o jardim proporcionam condi\u00e7\u00f5es ideais para desfrutar na companhia de familiares, amigos ou colegas. A nossa experi\u00eancia estar\u00e1 ao dispor dos nossos clientes para contribuirmos para o sucesso da organiza\u00e7\u00e3o da viagem. [&hellip;]","og_url":"https:\/\/quintadanasceagua.com\/reserva-de-grupos\/","og_site_name":"Quinta da Nasce &Aacute;gua","article_publisher":"https:\/\/www.facebook.com\/quintadanasceagua","article_modified_time":"2023-05-22T11:25:08+00:00","og_image":[{"width":1920,"height":1080,"url":"https:\/\/quintadanasceagua.com\/wp-content\/uploads\/2023\/05\/social-media.jpg","type":"image\/jpeg"}],"twitter_card":"summary_large_image","schema":{"@context":"https:\/\/schema.org","@graph":[{"@type":"WebPage","@id":"https:\/\/quintadanasceagua.com\/reserva-de-grupos\/","url":"https:\/\/quintadanasceagua.com\/reserva-de-grupos\/","name":"Group Booking - Quinta da Nasce &Aacute;gua","isPartOf":{"@id":"https:\/\/quintadanasceagua.com\/#website"},"primaryImageOfPage":{"@id":"https:\/\/quintadanasceagua.com\/reserva-de-grupos\/#primaryimage"},"image":{"@id":"https:\/\/quintadanasceagua.com\/reserva-de-grupos\/#primaryimage"},"thumbnailUrl":"https:\/\/quintadanasceagua.com\/wp-content\/uploads\/2023\/05\/social-media.jpg","datePublished":"2023-05-09T21:22:44+00:00","dateModified":"2023-05-22T11:25:08+00:00","breadcrumb":{"@id":"https:\/\/quintadanasceagua.com\/reserva-de-grupos\/#breadcrumb"},"inLanguage":"en-US","potentialAction":[{"@type":"ReadAction","target":["https:\/\/quintadanasceagua.com\/reserva-de-grupos\/"]}]},{"@type":"ImageObject","inLanguage":"en-US","@id":"https:\/\/quintadanasceagua.com\/reserva-de-grupos\/#primaryimage","url":"https:\/\/quintadanasceagua.com\/wp-content\/uploads\/2023\/05\/social-media.jpg","contentUrl":"https:\/\/quintadanasceagua.com\/wp-content\/uploads\/2023\/05\/social-media.jpg","width":1920,"height":1080},{"@type":"BreadcrumbList","@id":"https:\/\/quintadanasceagua.com\/reserva-de-grupos\/#breadcrumb","itemListElement":[{"@type":"ListItem","position":1,"name":"In\u00edcio","item":"https:\/\/quintadanasceagua.com\/"},{"@type":"ListItem","position":2,"name":"Group Booking"}]},{"@type":"WebSite","@id":"https:\/\/quintadanasceagua.com\/#website","url":"https:\/\/quintadanasceagua.com\/","name":"Quinta da Nasce &Aacute;gua","description":"Quinta Nasce Agua &eacute; o alojamento perfeito para a sua pr&oacute;xima estadia em Angra do Hero&iacute;smo.","publisher":{"@id":"https:\/\/quintadanasceagua.com\/#organization"},"potentialAction":[{"@type":"SearchAction","target":{"@type":"EntryPoint","urlTemplate":"https:\/\/quintadanasceagua.com\/?s={search_term_string}"},"query-input":{"@type":"PropertyValueSpecification","valueRequired":true,"valueName":"search_term_string"}}],"inLanguage":"en-US"},{"@type":"Organization","@id":"https:\/\/quintadanasceagua.com\/#organization","name":"Quinta da Nasce &Aacute;gua","url":"https:\/\/quintadanasceagua.com\/","logo":{"@type":"ImageObject","inLanguage":"en-US","@id":"https:\/\/quintadanasceagua.com\/#\/schema\/logo\/image\/","url":"https:\/\/quintadanasceagua.com\/wp-content\/uploads\/2023\/05\/social-media.jpg","contentUrl":"https:\/\/quintadanasceagua.com\/wp-content\/uploads\/2023\/05\/social-media.jpg","width":1920,"height":1080,"caption":"Quinta da Nasce &Aacute;gua"},"image":{"@id":"https:\/\/quintadanasceagua.com\/#\/schema\/logo\/image\/"},"sameAs":["https:\/\/www.facebook.com\/quintadanasceagua","https:\/\/www.instagram.com\/quintadanasceagua\/"]}]}},"_links":{"self":[{"href":"https:\/\/quintadanasceagua.com\/en\/wp-json\/wp\/v2\/pages\/2190","targetHints":{"allow":["GET"]}}],"collection":[{"href":"https:\/\/quintadanasceagua.com\/en\/wp-json\/wp\/v2\/pages"}],"about":[{"href":"https:\/\/quintadanasceagua.com\/en\/wp-json\/wp\/v2\/types\/page"}],"author":[{"embeddable":true,"href":"https:\/\/quintadanasceagua.com\/en\/wp-json\/wp\/v2\/users\/1"}],"replies":[{"embeddable":true,"href":"https:\/\/quintadanasceagua.com\/en\/wp-json\/wp\/v2\/comments?post=2190"}],"version-history":[{"count":3,"href":"https:\/\/quintadanasceagua.com\/en\/wp-json\/wp\/v2\/pages\/2190\/revisions"}],"predecessor-version":[{"id":2353,"href":"https:\/\/quintadanasceagua.com\/en\/wp-json\/wp\/v2\/pages\/2190\/revisions\/2353"}],"wp:featuredmedia":[{"embeddable":true,"href":"https:\/\/quintadanasceagua.com\/en\/wp-json\/wp\/v2\/media\/2071"}],"wp:attachment":[{"href":"https:\/\/quintadanasceagua.com\/en\/wp-json\/wp\/v2\/media?parent=2190"}],"curies":[{"name":"wp","href":"https:\/\/api.w.org\/{rel}","templated":true}]}}